{"id":31,"date":"2021-04-08T14:30:59","date_gmt":"2021-04-08T12:30:59","guid":{"rendered":"http:\/\/warranty.datamars.com\/?page_id=31"},"modified":"2021-04-12T15:06:03","modified_gmt":"2021-04-12T13:06:03","slug":"my-claims","status":"publish","type":"page","link":"https:\/\/warranty.datamars.com\/fr\/my-claims\/","title":{"rendered":"Mes r\u00e9clamations"},"content":{"rendered":"<div class=\"wp-block-cover\" style=\"min-height:429px;aspect-ratio:unset;\"><img loading=\"lazy\" decoding=\"async\" width=\"1024\" height=\"599\" class=\"wp-block-cover__image-background wp-image-246\" alt=\"\" src=\"http:\/\/warranty.datamars.com\/wp-content\/uploads\/2021\/04\/BCP0014_1-bw-big-crop_resize-5-1024x599.jpg\" style=\"object-position:50% 0%\" data-object-fit=\"cover\" data-object-position=\"50% 0%\" srcset=\"https:\/\/warranty.datamars.com\/wp-content\/uploads\/2021\/04\/BCP0014_1-bw-big-crop_resize-5-1024x599.jpg 1024w, https:\/\/warranty.datamars.com\/wp-content\/uploads\/2021\/04\/BCP0014_1-bw-big-crop_resize-5-300x175.jpg 300w, https:\/\/warranty.datamars.com\/wp-content\/uploads\/2021\/04\/BCP0014_1-bw-big-crop_resize-5-768x449.jpg 768w, https:\/\/warranty.datamars.com\/wp-content\/uploads\/2021\/04\/BCP0014_1-bw-big-crop_resize-5-1536x898.jpg 1536w, https:\/\/warranty.datamars.com\/wp-content\/uploads\/2021\/04\/BCP0014_1-bw-big-crop_resize-5.jpg 1849w\" sizes=\"auto, (max-width: 1024px) 100vw, 1024px\" \/><div class=\"wp-block-cover__inner-container is-layout-flow wp-block-cover-is-layout-flow\">\n<p class=\"has-large-font-size\"><\/p>\n<\/div><\/div>\n\n\n\n<p style=\"font-size:28px\"><strong>Toutes les r\u00e9clamations enregistr\u00e9es<\/strong><\/p>\n\n\n\n<p>Ci-dessous, voyez toutes vos r\u00e9clamations enregistr\u00e9es. Vous pouvez voir tous les champs de donn\u00e9es importants concernant votre r\u00e9clamation. Le temps de travail total est important. Utilisez ce nombre de fois lors de la facturation des r\u00e9clamations \u00e0 Datamars SA. Ceci est fait pour avoir le m\u00eame moment pour l'\u00e9change de pi\u00e8ces pour tous les centres de service. Cela sera strictement v\u00e9rifi\u00e9 par MSC lorsque la facture arrivera.\u00a0<\/p>\n\n\n<p><script type=\"text\/javascript\" src=\"https:\/\/c2ace165.caspio.com\/dp\/e2379000e6e69408016d4911a7e9\/emb\"><\/script><\/p>","protected":false},"excerpt":{"rendered":"<p>All registered claims Below see all your registered claims. You can see all important data fields about your claim. Important is the Total Labor time. Use this total times when invoicing the claims to Datamars SA. This is done to have the same timing for parts exchange for all Service Centre. This will be strictly &hellip;<\/p>\n<p class=\"read-more\"> <a class=\"\" href=\"https:\/\/warranty.datamars.com\/fr\/my-claims\/\"> <span class=\"screen-reader-text\">Mes r\u00e9clamations<\/span> Lire la suite\u00a0\u00bb<\/a><\/p>","protected":false},"author":1,"featured_media":0,"parent":0,"menu_order":0,"comment_status":"closed","ping_status":"closed","template":"","meta":{"footnotes":""},"class_list":["post-31","page","type-page","status-publish","hentry"],"_links":{"self":[{"href":"https:\/\/warranty.datamars.com\/fr\/wp-json\/wp\/v2\/pages\/31","targetHints":{"allow":["GET"]}}],"collection":[{"href":"https:\/\/warranty.datamars.com\/fr\/wp-json\/wp\/v2\/pages"}],"about":[{"href":"https:\/\/warranty.datamars.com\/fr\/wp-json\/wp\/v2\/types\/page"}],"author":[{"embeddable":true,"href":"https:\/\/warranty.datamars.com\/fr\/wp-json\/wp\/v2\/users\/1"}],"replies":[{"embeddable":true,"href":"https:\/\/warranty.datamars.com\/fr\/wp-json\/wp\/v2\/comments?post=31"}],"version-history":[{"count":8,"href":"https:\/\/warranty.datamars.com\/fr\/wp-json\/wp\/v2\/pages\/31\/revisions"}],"predecessor-version":[{"id":249,"href":"https:\/\/warranty.datamars.com\/fr\/wp-json\/wp\/v2\/pages\/31\/revisions\/249"}],"wp:attachment":[{"href":"https:\/\/warranty.datamars.com\/fr\/wp-json\/wp\/v2\/media?parent=31"}],"curies":[{"name":"wp","href":"https:\/\/api.w.org\/{rel}","templated":true}]}}