{"id":27,"date":"2021-04-08T12:06:54","date_gmt":"2021-04-08T10:06:54","guid":{"rendered":"http:\/\/warranty.datamars.com\/?page_id=27"},"modified":"2021-04-12T15:02:13","modified_gmt":"2021-04-12T13:02:13","slug":"welcome-to-datamars-warranty-claims-portal","status":"publish","type":"page","link":"https:\/\/warranty.datamars.com\/fr\/","title":{"rendered":"Maison"},"content":{"rendered":"<div class=\"wp-block-cover\" style=\"min-height:535px;aspect-ratio:unset;\"><img loading=\"lazy\" decoding=\"async\" width=\"1849\" height=\"1081\" class=\"wp-block-cover__image-background wp-image-226\" alt=\"\" src=\"http:\/\/warranty.datamars.com\/wp-content\/uploads\/2021\/04\/BCP0014_1-bw-big-crop_resize.jpg\" style=\"object-position:53% 0%\" data-object-fit=\"cover\" data-object-position=\"53% 0%\" srcset=\"https:\/\/warranty.datamars.com\/wp-content\/uploads\/2021\/04\/BCP0014_1-bw-big-crop_resize.jpg 1849w, https:\/\/warranty.datamars.com\/wp-content\/uploads\/2021\/04\/BCP0014_1-bw-big-crop_resize-300x175.jpg 300w, https:\/\/warranty.datamars.com\/wp-content\/uploads\/2021\/04\/BCP0014_1-bw-big-crop_resize-1024x599.jpg 1024w, https:\/\/warranty.datamars.com\/wp-content\/uploads\/2021\/04\/BCP0014_1-bw-big-crop_resize-768x449.jpg 768w, https:\/\/warranty.datamars.com\/wp-content\/uploads\/2021\/04\/BCP0014_1-bw-big-crop_resize-1536x898.jpg 1536w\" sizes=\"auto, (max-width: 1849px) 100vw, 1849px\" \/><div class=\"wp-block-cover__inner-container is-layout-flow wp-block-cover-is-layout-flow\">\n<p class=\"has-text-color\" style=\"color:#646464;font-size:28px\">  <\/p>\n\n\n\n<p class=\"has-text-color\" style=\"color:#646464;font-size:28px\"><\/p>\n\n\n\n<p><\/p>\n<\/div><\/div>\n\n\n\n<p style=\"font-size:28px\"><strong>Bienvenue sur le portail de r\u00e9clamations de garantie Datamars<\/strong><\/p>\n\n\n\n<p class=\"has-text-align-left has-text-color has-normal-font-size\" style=\"color:#646464\">Ce portail est con\u00e7u pour enregistrer toutes les r\u00e9clamations sous garantie et hors garantie des clients et partenaires commerciaux de Datamars\u00a0SA. Le paragraphe suivant vous montrera comment proc\u00e9der \u00e0 l'enregistrement.<\/p>\n\n\n\n<p class=\"has-text-align-left has-text-color has-normal-font-size\" style=\"color:#646464\">Si vous \u00eates sur ce portail pour la premi\u00e8re fois, veuillez consulter le formulaire d'inscription ci-dessous pour enregistrer votre centre de service. Vous utiliserez ensuite votre email et votre mot de passe pour vous connecter \u00e0 la page. Vous recevrez \u00e9galement un e-mail de confirmation que votre inscription a r\u00e9ussi et vous pourrez commencer l'enregistrement des r\u00e9clamations.<\/p>\n\n\n\n<p class=\"has-text-align-left has-text-color has-normal-font-size\" style=\"color:#646464\">Lorsque vous vous connectez \u00e0 la page, vous pouvez commencer apr\u00e8s l'enregistrement de votre r\u00e9clamation dans la page Nouvelle r\u00e9clamation. Ensuite, consultez toutes vos r\u00e9clamations enregistr\u00e9es dans la page Mes r\u00e9clamations. Et si vous souhaitez modifier quelque chose sur votre profil, rendez-vous sur la page Modifier le profil.<\/p>\n\n\n\n<p class=\"has-text-align-left has-text-color has-normal-font-size\" style=\"color:#646464\">Toutes les r\u00e9clamations enregistr\u00e9es seront v\u00e9rifi\u00e9es par le Master Service Center (MSC) afin d'approuver le<strong> <\/strong>facturation de votre Service Center \u00e0 Datamars SA. Cela signifie que l'enregistrement de la demande doit \u00eatre fait correctement.<\/p>\n\n\n<p><script type=\"text\/javascript\" src=\"https:\/\/c2ace165.caspio.com\/dp\/e23790006cb1766d11974aa998c5\/emb\"><\/script><\/p>","protected":false},"excerpt":{"rendered":"<p>Welcome to Datamars Warranty Claims Portal This portal is build to register all the warranty and non warranty claims from Datamars SA customers and Business&nbsp;partners. Following paragraph will show You how to proceed with registration. If You are first time on this portal, pls see the registration form below to register your Service Centre. You &hellip;<\/p>\n<p class=\"read-more\"> <a class=\"\" href=\"https:\/\/warranty.datamars.com\/fr\/\"> <span class=\"screen-reader-text\">Maison<\/span> Lire la suite\u00a0\u00bb<\/a><\/p>","protected":false},"author":1,"featured_media":0,"parent":0,"menu_order":0,"comment_status":"closed","ping_status":"closed","template":"","meta":{"footnotes":""},"class_list":["post-27","page","type-page","status-publish","hentry"],"_links":{"self":[{"href":"https:\/\/warranty.datamars.com\/fr\/wp-json\/wp\/v2\/pages\/27","targetHints":{"allow":["GET"]}}],"collection":[{"href":"https:\/\/warranty.datamars.com\/fr\/wp-json\/wp\/v2\/pages"}],"about":[{"href":"https:\/\/warranty.datamars.com\/fr\/wp-json\/wp\/v2\/types\/page"}],"author":[{"embeddable":true,"href":"https:\/\/warranty.datamars.com\/fr\/wp-json\/wp\/v2\/users\/1"}],"replies":[{"embeddable":true,"href":"https:\/\/warranty.datamars.com\/fr\/wp-json\/wp\/v2\/comments?post=27"}],"version-history":[{"count":46,"href":"https:\/\/warranty.datamars.com\/fr\/wp-json\/wp\/v2\/pages\/27\/revisions"}],"predecessor-version":[{"id":245,"href":"https:\/\/warranty.datamars.com\/fr\/wp-json\/wp\/v2\/pages\/27\/revisions\/245"}],"wp:attachment":[{"href":"https:\/\/warranty.datamars.com\/fr\/wp-json\/wp\/v2\/media?parent=27"}],"curies":[{"name":"wp","href":"https:\/\/api.w.org\/{rel}","templated":true}]}}